{"id":3107,"date":"2023-11-19T14:03:50","date_gmt":"2023-11-19T13:03:50","guid":{"rendered":"https:\/\/mbci.mackuz.ovh\/?page_id=3107"},"modified":"2023-11-19T14:05:05","modified_gmt":"2023-11-19T13:05:05","slug":"zestawienie-usterek-mb-z-silnikami-diesla","status":"publish","type":"page","link":"https:\/\/mbci.mackuz.ovh\/index.php\/warsztat\/zestawienie-usterek-mb-z-silnikami-diesla\/","title":{"rendered":"Zestawienie usterek MB z silnikami diesla"},"content":{"rendered":"<ul class=\"lcp_catlist\" id=\"lcp_instance_0\"><li><a href=\"https:\/\/mbci.mackuz.ovh\/index.php\/2023\/11\/19\/zestawienie-usterek-zawieszenia-i-ogumienia\/\">Zestawienie usterek zawieszenia i ogumienia<\/a><\/li><li><a href=\"https:\/\/mbci.mackuz.ovh\/index.php\/2023\/11\/19\/zestawienie-usterek-ukladu-kierowniczego\/\">Zestawienie usterek uk\u0142adu kierowniczego<\/a><\/li><li><a href=\"https:\/\/mbci.mackuz.ovh\/index.php\/2023\/11\/19\/zestawienie-usterek-ukladu-hamulcowego\/\">Zestawienie usterek uk\u0142adu hamulcowego<\/a><\/li><li><a href=\"https:\/\/mbci.mackuz.ovh\/index.php\/2023\/11\/19\/zestawienie-usterek-przekladni-glownej\/\">Zestawienie usterek przek\u0142adni g\u0142\u00f3wnej<\/a><\/li><li><a href=\"https:\/\/mbci.mackuz.ovh\/index.php\/2023\/11\/19\/zestawienie-usterek-walu-napedowego\/\">Zestawienie usterek wa\u0142u nap\u0119dowego<\/a><\/li><li><a href=\"https:\/\/mbci.mackuz.ovh\/index.php\/2023\/11\/19\/zestawienie-usterek-automatycznej-skrzyni-biegow\/\">Zestawienie usterek automatycznej skrzyni bieg\u00f3w<\/a><\/li><li><a href=\"https:\/\/mbci.mackuz.ovh\/index.php\/2023\/11\/19\/zestawienie-usterek-mechanicznej-skrzyni-biegow\/\">Zestawienie usterek mechanicznej skrzyni bieg\u00f3w<\/a><\/li><li><a href=\"https:\/\/mbci.mackuz.ovh\/index.php\/2023\/11\/19\/zestawienie-usterek-sprzegla\/\">Zestawienie usterek sprz\u0119g\u0142a<\/a><\/li><li><a href=\"https:\/\/mbci.mackuz.ovh\/index.php\/2023\/11\/19\/zestawienie-usterek-ukladu-elektrycznego\/\">Zestawienie usterek uk\u0142adu elektrycznego<\/a><\/li><li><a href=\"https:\/\/mbci.mackuz.ovh\/index.php\/2023\/11\/19\/zestawienie-usterek-ukladu-smarowania\/\">Zestawienie usterek uk\u0142adu smarowania<\/a><\/li><li><a href=\"https:\/\/mbci.mackuz.ovh\/index.php\/2023\/11\/19\/diagnostyka-usterek-ukladu-zasilania\/\">Diagnostyka usterek uk\u0142adu zasilania<\/a><\/li><li><a href=\"https:\/\/mbci.mackuz.ovh\/index.php\/2023\/11\/19\/zestawienie-usterek-ukladu-zasilania\/\">Zestawienie usterek uk\u0142adu zasilania<\/a><\/li><li><a href=\"https:\/\/mbci.mackuz.ovh\/index.php\/2023\/11\/19\/zestawienie-usterek-ukadu-chlodzenia\/\">Zestawienie usterek ukadu ch\u0142odzenia<\/a><\/li><li><a href=\"https:\/\/mbci.mackuz.ovh\/index.php\/2023\/11\/19\/zestawienie-usterek-silnika\/\">Zestawienie usterek silnika<\/a><\/li><\/ul>\n","protected":false},"excerpt":{"rendered":"","protected":false},"author":1,"featured_media":0,"parent":2091,"menu_order":0,"comment_status":"closed","ping_status":"closed","template":"","meta":{"_crdt_document":"","footnotes":""},"class_list":["post-3107","page","type-page","status-publish","hentry"],"aioseo_notices":[],"featured_image_src":null,"_links":{"self":[{"href":"https:\/\/mbci.mackuz.ovh\/index.php\/wp-json\/wp\/v2\/pages\/3107","targetHints":{"allow":["GET"]}}],"collection":[{"href":"https:\/\/mbci.mackuz.ovh\/index.php\/wp-json\/wp\/v2\/pages"}],"about":[{"href":"https:\/\/mbci.mackuz.ovh\/index.php\/wp-json\/wp\/v2\/types\/page"}],"author":[{"embeddable":true,"href":"https:\/\/mbci.mackuz.ovh\/index.php\/wp-json\/wp\/v2\/users\/1"}],"replies":[{"embeddable":true,"href":"https:\/\/mbci.mackuz.ovh\/index.php\/wp-json\/wp\/v2\/comments?post=3107"}],"version-history":[{"count":2,"href":"https:\/\/mbci.mackuz.ovh\/index.php\/wp-json\/wp\/v2\/pages\/3107\/revisions"}],"predecessor-version":[{"id":3109,"href":"https:\/\/mbci.mackuz.ovh\/index.php\/wp-json\/wp\/v2\/pages\/3107\/revisions\/3109"}],"up":[{"embeddable":true,"href":"https:\/\/mbci.mackuz.ovh\/index.php\/wp-json\/wp\/v2\/pages\/2091"}],"wp:attachment":[{"href":"https:\/\/mbci.mackuz.ovh\/index.php\/wp-json\/wp\/v2\/media?parent=3107"}],"curies":[{"name":"wp","href":"https:\/\/api.w.org\/{rel}","templated":true}]}}