{"id":2190,"date":"2023-11-08T17:07:10","date_gmt":"2023-11-08T17:07:10","guid":{"rendered":"https:\/\/mbci.mackuz.ovh\/?page_id=2190"},"modified":"2023-11-08T17:07:10","modified_gmt":"2023-11-08T17:07:10","slug":"instrukcja-naprawy-i-obslugi-mb-z-silnikami-diesla","status":"publish","type":"page","link":"https:\/\/mbci.mackuz.ovh\/index.php\/instrukcja-naprawy-i-obslugi-mb-z-silnikami-diesla\/","title":{"rendered":"Instrukcja naprawy i obs\u0142ugi MB z silnikami Diesla"},"content":{"rendered":"<ul class=\"lcp_catlist\" id=\"lcp_instance_0\"><li><a href=\"https:\/\/mbci.mackuz.ovh\/index.php\/2023\/11\/06\/1722\/\">Zasada dzia\u0142ania silnika wysokopr\u0119\u017cnego<\/a><\/li><li><a href=\"https:\/\/mbci.mackuz.ovh\/index.php\/2023\/11\/08\/dane-techniczne\/\">Dane techniczne<\/a><\/li><li><a href=\"https:\/\/mbci.mackuz.ovh\/index.php\/2023\/11\/08\/1737\/\">Monta\u017c i demonta\u017c silnika<\/a><\/li><li><a href=\"https:\/\/mbci.mackuz.ovh\/index.php\/2023\/11\/08\/demontaz-montaz-ustawianie-przedniego-ogranicznika-silnika\/\">Demonta\u017c, monta\u017c, ustawianie przedniego ogranicznika silnika<\/a><\/li><li><a href=\"https:\/\/mbci.mackuz.ovh\/index.php\/2023\/11\/08\/przewietrzenie-silnika\/\">Przewietrzenie silnika<\/a><\/li><li><a href=\"https:\/\/mbci.mackuz.ovh\/index.php\/2023\/11\/08\/demontaz-montaz-sprawdzanie-napinacza-lancucha\/\">Demonta\u017c, monta\u017c, sprawdzanie napinacza \u0142a\u0144cucha<\/a><\/li><li><a href=\"https:\/\/mbci.mackuz.ovh\/index.php\/2023\/11\/08\/uklad-chlodzenia-silnika\/\">Uk\u0142ad ch\u0142odzenia silnika<\/a><\/li><li><a href=\"https:\/\/mbci.mackuz.ovh\/index.php\/2023\/11\/08\/glowica-cylindrow-demontaz-montaz\/\">G\u0142owica cylindr\u00f3w &#8211; demonta\u017c\/monta\u017c<\/a><\/li><li><a href=\"https:\/\/mbci.mackuz.ovh\/index.php\/2023\/11\/08\/wal-rozrzadu-demontaz-montaz\/\">Wa\u0142 rozrz\u0105du &#8211; demonta\u017c\/monta\u017c<\/a><\/li><li><a href=\"https:\/\/mbci.mackuz.ovh\/index.php\/2023\/11\/08\/demontaz-i-montaz-dzwigni-zaworowych-ze-wspornikami-lozyskowymi\/\">Demonta\u017c i monta\u017c d\u017awigni zaworowych ze wspornikami \u0142o\u017cyskowymi<\/a><\/li><li><a href=\"https:\/\/mbci.mackuz.ovh\/index.php\/2023\/11\/08\/wymiana-uszczelek-trzonow-zaworowych\/\">Wymiana uszczelek trzon\u00f3w zaworowych<\/a><\/li><li><a href=\"https:\/\/mbci.mackuz.ovh\/index.php\/2023\/11\/08\/demontaz-i-montaz-zaworu\/\">Demonta\u017c i monta\u017c zaworu<\/a><\/li><li><a href=\"https:\/\/mbci.mackuz.ovh\/index.php\/2023\/11\/08\/pasy-klinowe\/\">Pasy klinowe<\/a><\/li><li><a href=\"https:\/\/mbci.mackuz.ovh\/index.php\/2023\/11\/08\/2169\/\">Zabiegi obs\u0142ugowe przy silniku<\/a><\/li><li><a href=\"https:\/\/mbci.mackuz.ovh\/index.php\/2023\/11\/08\/smarowanie-silnika\/\">Smarowanie silnika<\/a><\/li><li><a href=\"https:\/\/mbci.mackuz.ovh\/index.php\/2023\/11\/08\/instalacja-podgrzewania-silnika\/\">Instalacja podgrzewania silnika<\/a><\/li><li><a href=\"https:\/\/mbci.mackuz.ovh\/index.php\/2023\/11\/08\/uklad-paliwowy\/\">Uk\u0142ad paliwowy<\/a><\/li><li><a href=\"https:\/\/mbci.mackuz.ovh\/index.php\/2023\/11\/08\/zabiegi-obslugowe-przy-ukladzie-paliwowym\/\">Zabiegi obs\u0142ugowe przy uk\u0142adzie paliwowym<\/a><\/li><li><a href=\"https:\/\/mbci.mackuz.ovh\/index.php\/2023\/11\/08\/uklad-wydechowy\/\">Uk\u0142ad wydechowy<\/a><\/li><li><a href=\"https:\/\/mbci.mackuz.ovh\/index.php\/2023\/11\/08\/sprzeglo\/\">Sprz\u0119g\u0142o<\/a><\/li><li><a href=\"https:\/\/mbci.mackuz.ovh\/index.php\/2023\/11\/08\/skrzynia-biegow\/\">Skrzynia bieg\u00f3w<\/a><\/li><li><a href=\"https:\/\/mbci.mackuz.ovh\/index.php\/2023\/11\/08\/automatyczna-skrzynia-biegow\/\">Automatyczna skrzynia bieg\u00f3w<\/a><\/li><\/ul>\n","protected":false},"excerpt":{"rendered":"","protected":false},"author":1,"featured_media":0,"parent":0,"menu_order":0,"comment_status":"closed","ping_status":"closed","template":"","meta":{"_crdt_document":"","footnotes":""},"class_list":["post-2190","page","type-page","status-publish","hentry"],"aioseo_notices":[],"featured_image_src":null,"_links":{"self":[{"href":"https:\/\/mbci.mackuz.ovh\/index.php\/wp-json\/wp\/v2\/pages\/2190","targetHints":{"allow":["GET"]}}],"collection":[{"href":"https:\/\/mbci.mackuz.ovh\/index.php\/wp-json\/wp\/v2\/pages"}],"about":[{"href":"https:\/\/mbci.mackuz.ovh\/index.php\/wp-json\/wp\/v2\/types\/page"}],"author":[{"embeddable":true,"href":"https:\/\/mbci.mackuz.ovh\/index.php\/wp-json\/wp\/v2\/users\/1"}],"replies":[{"embeddable":true,"href":"https:\/\/mbci.mackuz.ovh\/index.php\/wp-json\/wp\/v2\/comments?post=2190"}],"version-history":[{"count":1,"href":"https:\/\/mbci.mackuz.ovh\/index.php\/wp-json\/wp\/v2\/pages\/2190\/revisions"}],"predecessor-version":[{"id":2191,"href":"https:\/\/mbci.mackuz.ovh\/index.php\/wp-json\/wp\/v2\/pages\/2190\/revisions\/2191"}],"wp:attachment":[{"href":"https:\/\/mbci.mackuz.ovh\/index.php\/wp-json\/wp\/v2\/media?parent=2190"}],"curies":[{"name":"wp","href":"https:\/\/api.w.org\/{rel}","templated":true}]}}